{"id":8,"date":"2020-09-18T09:46:42","date_gmt":"2020-09-18T09:46:42","guid":{"rendered":"http:\/\/www.yuceuyanik.com\/?page_id=8"},"modified":"2020-09-18T09:46:42","modified_gmt":"2020-09-18T09:46:42","slug":"bize-ulasin","status":"publish","type":"page","link":"http:\/\/www.yuceuyanik.com\/?page_id=8","title":{"rendered":"Bize ula\u015f\u0131n"},"content":{"rendered":"\n<p>Bu, adres ve telefon numaras\u0131 gibi temel ileti\u015fim bilgilerinin oldu\u011fu bir sayfad\u0131r. Ayr\u0131ca bir ileti\u015fim formu eklemek i\u00e7in bir eklenti de deneyebilirsiniz.<\/p>\n","protected":false},"excerpt":{"rendered":"<p>Bu, adres ve telefon numaras\u0131 gibi temel ileti\u015fim bilgilerinin oldu\u011fu bir sayfad\u0131r. Ayr\u0131ca bir ileti\u015fim formu eklemek i\u00e7in bir eklenti de deneyebilirsiniz.<\/p>\n","protected":false},"author":1,"featured_media":0,"parent":0,"menu_order":0,"comment_status":"closed","ping_status":"closed","template":"","meta":{"_bbp_topic_count":0,"_bbp_reply_count":0,"_bbp_total_topic_count":0,"_bbp_total_reply_count":0,"_bbp_voice_count":0,"_bbp_anonymous_reply_count":0,"_bbp_topic_count_hidden":0,"_bbp_reply_count_hidden":0,"_bbp_forum_subforum_count":0},"_links":{"self":[{"href":"http:\/\/www.yuceuyanik.com\/index.php?rest_route=\/wp\/v2\/pages\/8"}],"collection":[{"href":"http:\/\/www.yuceuyanik.com\/index.php?rest_route=\/wp\/v2\/pages"}],"about":[{"href":"http:\/\/www.yuceuyanik.com\/index.php?rest_route=\/wp\/v2\/types\/page"}],"author":[{"embeddable":true,"href":"http:\/\/www.yuceuyanik.com\/index.php?rest_route=\/wp\/v2\/users\/1"}],"replies":[{"embeddable":true,"href":"http:\/\/www.yuceuyanik.com\/index.php?rest_route=%2Fwp%2Fv2%2Fcomments&post=8"}],"version-history":[{"count":1,"href":"http:\/\/www.yuceuyanik.com\/index.php?rest_route=\/wp\/v2\/pages\/8\/revisions"}],"predecessor-version":[{"id":13,"href":"http:\/\/www.yuceuyanik.com\/index.php?rest_route=\/wp\/v2\/pages\/8\/revisions\/13"}],"wp:attachment":[{"href":"http:\/\/www.yuceuyanik.com\/index.php?rest_route=%2Fwp%2Fv2%2Fmedia&parent=8"}],"curies":[{"name":"wp","href":"https:\/\/api.w.org\/{rel}","templated":true}]}}