{"id":165,"date":"2020-10-04T16:20:17","date_gmt":"2020-10-04T13:20:17","guid":{"rendered":"http:\/\/www.yuceuyanik.com\/?page_id=165"},"modified":"2020-10-04T16:20:17","modified_gmt":"2020-10-04T13:20:17","slug":"sirket-gecmisi","status":"publish","type":"page","link":"http:\/\/www.yuceuyanik.com\/?page_id=165","title":{"rendered":"\u015eirket Ge\u00e7mi\u015fi"},"content":{"rendered":"\n<p>2009 y\u0131l\u0131nda \u015fah\u0131s i\u015fletmesi \u00fczerinden vermeye devam etti\u011fimiz e\u011fitimlerimizin yo\u011funlu\u011fu nedeniyle bir limited \u015firket kurma gere\u011fi do\u011fmu\u015f ve 2010 y\u0131l\u0131 sonlar\u0131nda IFA \u00d6zel E\u011fitim ve Dan\u0131\u015fmanl\u0131k Hizmetleri Ticaret Limited \u015eirketi tesis edilmi\u015ftir.&nbsp;<\/p>\n\n\n\n<p>Daha sonra ki\u015fisel markala\u015fma amac\u0131yla IFA yerine Y\u00fcce UYANIK ad\u0131 tercih edilerek \u015firket \u015fimdiki ismine kavu\u015fmu\u015ftur.<\/p>\n","protected":false},"excerpt":{"rendered":"<p>2009 y\u0131l\u0131nda \u015fah\u0131s i\u015fletmesi \u00fczerinden vermeye devam etti\u011fimiz e\u011fitimlerimizin yo\u011funlu\u011fu nedeniyle bir limited \u015firket kurma gere\u011fi do\u011fmu\u015f ve 2010 y\u0131l\u0131 sonlar\u0131nda IFA \u00d6zel E\u011fitim ve Dan\u0131\u015fmanl\u0131k Hizmetleri Ticaret Limited \u015eirketi tesis edilmi\u015ftir.&nbsp; Daha sonra ki\u015fisel markala\u015fma amac\u0131yla IFA yerine Y\u00fcce UYANIK ad\u0131 tercih edilerek \u015firket \u015fimdiki ismine kavu\u015fmu\u015ftur.<\/p>\n","protected":false},"author":1,"featured_media":0,"parent":0,"menu_order":0,"comment_status":"closed","ping_status":"closed","template":"","meta":{"_bbp_topic_count":0,"_bbp_reply_count":0,"_bbp_total_topic_count":0,"_bbp_total_reply_count":0,"_bbp_voice_count":0,"_bbp_anonymous_reply_count":0,"_bbp_topic_count_hidden":0,"_bbp_reply_count_hidden":0,"_bbp_forum_subforum_count":0},"_links":{"self":[{"href":"http:\/\/www.yuceuyanik.com\/index.php?rest_route=\/wp\/v2\/pages\/165"}],"collection":[{"href":"http:\/\/www.yuceuyanik.com\/index.php?rest_route=\/wp\/v2\/pages"}],"about":[{"href":"http:\/\/www.yuceuyanik.com\/index.php?rest_route=\/wp\/v2\/types\/page"}],"author":[{"embeddable":true,"href":"http:\/\/www.yuceuyanik.com\/index.php?rest_route=\/wp\/v2\/users\/1"}],"replies":[{"embeddable":true,"href":"http:\/\/www.yuceuyanik.com\/index.php?rest_route=%2Fwp%2Fv2%2Fcomments&post=165"}],"version-history":[{"count":1,"href":"http:\/\/www.yuceuyanik.com\/index.php?rest_route=\/wp\/v2\/pages\/165\/revisions"}],"predecessor-version":[{"id":166,"href":"http:\/\/www.yuceuyanik.com\/index.php?rest_route=\/wp\/v2\/pages\/165\/revisions\/166"}],"wp:attachment":[{"href":"http:\/\/www.yuceuyanik.com\/index.php?rest_route=%2Fwp%2Fv2%2Fmedia&parent=165"}],"curies":[{"name":"wp","href":"https:\/\/api.w.org\/{rel}","templated":true}]}}