{"id":144,"date":"2020-09-29T16:09:09","date_gmt":"2020-09-29T13:09:09","guid":{"rendered":"http:\/\/www.yuceuyanik.com\/?page_id=144"},"modified":"2020-09-29T19:32:29","modified_gmt":"2020-09-29T16:32:29","slug":"factoring-writings","status":"publish","type":"page","link":"http:\/\/www.yuceuyanik.com\/?page_id=144","title":{"rendered":"Factoring Writings"},"content":{"rendered":"\n<h2>Turkish<\/h2>\n\n\n\n<ul><li><a href=\"http:\/\/web.boun.edu.tr\/uyanik\/Boun\/Faktoring\/Entries\/2010\/8\/9_Ihracat_Faktoringinin_TL_Finansman.html\">\u0130hracat Faktoringinin TL Finansman\u0131<\/a>(2003)<\/li><li><a href=\"http:\/\/web.boun.edu.tr\/uyanik\/Boun\/Faktoring\/Entries\/2010\/8\/9_Faktoring%2C_Faiz_ve_Islam.html\">Faktoring, Faiz ve \u0130slam<\/a>(2003)<\/li><li><a href=\"http:\/\/web.boun.edu.tr\/uyanik\/Boun\/Faktoring\/Entries\/2010\/8\/9_Faktoring_Temlik_Notu.html\">Faktoring Temlik Notu<\/a> (2003)<\/li><li><a href=\"http:\/\/web.boun.edu.tr\/uyanik\/Boun\/Faktoring\/Entries\/2010\/8\/9_Kriz_Donemlerinin_Ilac_Faktoring.html\">Kriz D\u00f6nemlerinin \u0130lac\u0131 Faktoring<\/a> (2003)<\/li><li><a href=\"http:\/\/web.boun.edu.tr\/uyanik\/Boun\/Faktoring\/Entries\/2010\/8\/8_Faktoring_Kredi_Mi.html\">Faktoring Kredi Mi?<\/a> (2003)<\/li><li><a href=\"http:\/\/web.boun.edu.tr\/uyanik\/Boun\/Faktoring\/Entries\/2010\/8\/8_Yurtici_Faktoring_ve_Turkiye.html\">Yurti\u00e7i Faktoring ve T\u00fcrkiye<\/a> (2003)<\/li><li><a href=\"http:\/\/www.yuceuyanik.com\/Acilim%20Ocak%202015.pdf\">S<\/a><a href=\"ftp:\/\/u9722652@94.73.147.77\/Acilim%20Ocak%202015.pdfhttps:\/\/samsuntso.org.tr\/upload\/Dosyalar\/Yayinlar\/Acilim\/Acilim-2015-40.pdf\">amsun TSO A\u00e7\u0131l\u0131m Dergisi<\/a> (Ocak 2015, s.44-45)<\/li><li><a href=\"http:\/\/ekometre.com\/yazarlar\/yuce-uyanik\/umudumuz-genclerimiz\/401\/\">\u2018Faktoring\u2019i ne kadar tan\u0131yorsunuz?<\/a> (Ekometre &#8211; Eyl\u00fcl 2019)<\/li><li><a href=\"http:\/\/ekometre.com\/yazarlar\/yuce-uyanik\/umudumuz-genclerimiz\/421\/\">Ekonomik Kriz ve Uluslararas\u0131 Faktoring<\/a> (Ekometre &#8211; Ekim 2019)<\/li><li><a href=\"http:\/\/ekometre.com\/yazarlar\/yuce-uyanik\/umudumuz-genclerimiz\/430\/\">Faktoring i\u015flemi bir kredi mi?<\/a> (Ekometre &#8211; Kas\u0131m 2019)<\/li><li><a href=\"http:\/\/ekometre.com\/yazarlar\/yuce-uyanik\/umudumuz-genclerimiz\/442\/\">Me\u015fhur olmas\u0131n\u0131 istemedi\u011fimiz galatlar<\/a> (Ekometre &#8211; Aral\u0131k 2019)<\/li><li><a href=\"http:\/\/ekometre.com\/yazarlar\/yuce-uyanik\/umudumuz-genclerimiz\/455\/\">\u0130hracat\u0131 patlatal\u0131m<\/a> (Ekometre &#8211; Ocak 2020)<\/li><li><a href=\"http:\/\/ekometre.com\/yazarlar\/yuce-uyanik\/umudumuz-genclerimiz\/467\/\">Tamkarum \u2013 Ticaret &#8211; Finans<\/a> (Ekometre &#8211; \u015eubat 2020)<\/li><li><a href=\"http:\/\/ekometre.com\/yazarlar\/yuce-uyanik\/umudumuz-genclerimiz\/475\/\">Blackwell Hall Faktorleri<\/a> (Ekometre &#8211; Mart 2020)<\/li><li><a href=\"http:\/\/ekometre.com\/yazarlar\/yuce-uyanik\/umudumuz-genclerimiz\/496\/\">Uluslararas\u0131 ticarette m\u00fccbir sebep<\/a>&nbsp;(Ekometre &#8211; Nisan 2020)<\/li><li><a href=\"http:\/\/ekometre.com\/yazarlar\/yuce-uyanik\/umudumuz-genclerimiz\/511\/\">Ticari cankurtaran<\/a> (Ekometre &#8211; May\u0131s 2020)<\/li><li><a href=\"http:\/\/ekometre.com\/yazarlar\/yuce-uyanik\/umudumuz-genclerimiz\/524\/\">D\u0131\u015f ticaret a\u00e7\u0131\u011f\u0131 ve Faktoring<\/a> (Ekometre &#8211; Haziran 2020)<\/li><li><a href=\"http:\/\/ekometre.com\/yazarlar\/yuce-uyanik\/umudumuz-genclerimiz\/546\/\">A\u011fustos r\u00fcyas\u0131<\/a> (Ekometre &#8211; A\u011fustos 2020)<\/li><li><a href=\"http:\/\/ekometre.com\/yazarlar\/yuce-uyanik\/umudumuz-genclerimiz\/564\/\">Umudumuz gen\u00e7lerimiz<\/a> (Ekometre &#8211; Eyl\u00fcl 2020)<\/li><\/ul>\n\n\n\n<h2>English<\/h2>\n\n\n\n<p><\/p>\n\n\n\n<ul><li><\/li><\/ul>\n","protected":false},"excerpt":{"rendered":"<p>Turkish \u0130hracat Faktoringinin TL Finansman\u0131(2003) Faktoring, Faiz ve \u0130slam(2003) Faktoring Temlik Notu (2003) Kriz D\u00f6nemlerinin \u0130lac\u0131 Faktoring (2003) Faktoring Kredi Mi? (2003) Yurti\u00e7i Faktoring ve T\u00fcrkiye (2003) Samsun TSO A\u00e7\u0131l\u0131m Dergisi (Ocak 2015, s.44-45) \u2018Faktoring\u2019i ne kadar tan\u0131yorsunuz? (Ekometre &#8211; Eyl\u00fcl 2019) Ekonomik Kriz ve Uluslararas\u0131 Faktoring (Ekometre &#8211; Ekim 2019) Faktoring i\u015flemi bir kredi [&hellip;]<\/p>\n","protected":false},"author":1,"featured_media":0,"parent":0,"menu_order":0,"comment_status":"closed","ping_status":"closed","template":"","meta":{"_bbp_topic_count":0,"_bbp_reply_count":0,"_bbp_total_topic_count":0,"_bbp_total_reply_count":0,"_bbp_voice_count":0,"_bbp_anonymous_reply_count":0,"_bbp_topic_count_hidden":0,"_bbp_reply_count_hidden":0,"_bbp_forum_subforum_count":0},"_links":{"self":[{"href":"http:\/\/www.yuceuyanik.com\/index.php?rest_route=\/wp\/v2\/pages\/144"}],"collection":[{"href":"http:\/\/www.yuceuyanik.com\/index.php?rest_route=\/wp\/v2\/pages"}],"about":[{"href":"http:\/\/www.yuceuyanik.com\/index.php?rest_route=\/wp\/v2\/types\/page"}],"author":[{"embeddable":true,"href":"http:\/\/www.yuceuyanik.com\/index.php?rest_route=\/wp\/v2\/users\/1"}],"replies":[{"embeddable":true,"href":"http:\/\/www.yuceuyanik.com\/index.php?rest_route=%2Fwp%2Fv2%2Fcomments&post=144"}],"version-history":[{"count":6,"href":"http:\/\/www.yuceuyanik.com\/index.php?rest_route=\/wp\/v2\/pages\/144\/revisions"}],"predecessor-version":[{"id":160,"href":"http:\/\/www.yuceuyanik.com\/index.php?rest_route=\/wp\/v2\/pages\/144\/revisions\/160"}],"wp:attachment":[{"href":"http:\/\/www.yuceuyanik.com\/index.php?rest_route=%2Fwp%2Fv2%2Fmedia&parent=144"}],"curies":[{"name":"wp","href":"https:\/\/api.w.org\/{rel}","templated":true}]}}