{"id":136,"date":"2020-09-23T14:34:31","date_gmt":"2020-09-23T11:34:31","guid":{"rendered":"http:\/\/www.yuceuyanik.com\/?page_id=136"},"modified":"2020-09-23T14:53:36","modified_gmt":"2020-09-23T11:53:36","slug":"egitimler","status":"publish","type":"page","link":"http:\/\/www.yuceuyanik.com\/?page_id=136","title":{"rendered":"E\u011fitimlerimiz"},"content":{"rendered":"\n<p>Biss\u00fcr\u00fc e\u011fitim<\/p>\n","protected":false},"excerpt":{"rendered":"<p>Biss\u00fcr\u00fc e\u011fitim<\/p>\n","protected":false},"author":1,"featured_media":0,"parent":0,"menu_order":0,"comment_status":"closed","ping_status":"closed","template":"","meta":{"_bbp_topic_count":0,"_bbp_reply_count":0,"_bbp_total_topic_count":0,"_bbp_total_reply_count":0,"_bbp_voice_count":0,"_bbp_anonymous_reply_count":0,"_bbp_topic_count_hidden":0,"_bbp_reply_count_hidden":0,"_bbp_forum_subforum_count":0},"_links":{"self":[{"href":"http:\/\/www.yuceuyanik.com\/index.php?rest_route=\/wp\/v2\/pages\/136"}],"collection":[{"href":"http:\/\/www.yuceuyanik.com\/index.php?rest_route=\/wp\/v2\/pages"}],"about":[{"href":"http:\/\/www.yuceuyanik.com\/index.php?rest_route=\/wp\/v2\/types\/page"}],"author":[{"embeddable":true,"href":"http:\/\/www.yuceuyanik.com\/index.php?rest_route=\/wp\/v2\/users\/1"}],"replies":[{"embeddable":true,"href":"http:\/\/www.yuceuyanik.com\/index.php?rest_route=%2Fwp%2Fv2%2Fcomments&post=136"}],"version-history":[{"count":2,"href":"http:\/\/www.yuceuyanik.com\/index.php?rest_route=\/wp\/v2\/pages\/136\/revisions"}],"predecessor-version":[{"id":142,"href":"http:\/\/www.yuceuyanik.com\/index.php?rest_route=\/wp\/v2\/pages\/136\/revisions\/142"}],"wp:attachment":[{"href":"http:\/\/www.yuceuyanik.com\/index.php?rest_route=%2Fwp%2Fv2%2Fmedia&parent=136"}],"curies":[{"name":"wp","href":"https:\/\/api.w.org\/{rel}","templated":true}]}}